{"id":16777,"date":"2025-04-14T18:05:43","date_gmt":"2025-04-14T16:05:43","guid":{"rendered":"https:\/\/www.pharmanutra.it\/?page_id=16777"},"modified":"2025-04-14T19:00:54","modified_gmt":"2025-04-14T17:00:54","slug":"cose-la-farmacovigilanza","status":"publish","type":"page","link":"https:\/\/www.pharmanutra.it\/it\/cose-la-farmacovigilanza\/","title":{"rendered":"Cos\u2019\u00e8 la farmacovigilanza?"},"content":{"rendered":"\n<p>La Farmacovigilanza \u00e8 un complesso di attivit\u00e0 finalizzate a valutare in maniera continuativa tutte le informazioni relative alla sicurezza dei farmaci e ad assicurare, per tutti i medicinali in commercio, un rapporto beneficio\/rischio favorevole per la popolazione. Essa comprende una serie di attivit\u00e0 che coinvolgono le Istituzioni (l\u2019AIFA), i titolari dell\u2019autorizzazione all\u2019immissione in commercio dei medicinali, le strutture sanitarie locali e il personale sanitario.<\/p>\n\n\n\n<p>I primi tre attori sono connessi fra loro in una rete, la Rete Nazionale di Farmacovigilanza. Il contributo del cittadino \u00e8 essenziale nella macchina della farmacovigilanza per assicurare il funzionamento dell\u2019intero ingranaggio. Nell\u2019ambito della farmacovigilanza, il titolare dell\u2019autorizzazione all\u2019immissione in commercio dei medicinali ha l\u2019obbligo normativo di registrare in modo dettagliato tutte le sospette reazioni avverse osservate in Italia, nell\u2019Unione europea o in un altro Paese.<\/p>\n\n\n\n<h3 class=\"wp-block-heading\">Cos\u2019\u00e8 una reazione avversa?<\/h3>\n\n\n\n<p>Una reazione avversa \u00e8 ogni effetto nocivo ed indesiderato legato all\u2019uso di un medicinale.<\/p>\n\n\n\n<h3 class=\"wp-block-heading\">Cosa fare nel caso pensiate di aver avuto una reazione avversa da un farmaco<\/h3>\n\n\n\n<p>Per prima cosa contattate il vostro medico curante, informandolo di cosa \u00e8 avvenuto. Nel caso vogliate anche segnalare quanto accaduto vi preghiamo di seguire le indicazioni seguenti.<\/p>\n\n\n\n<p>Pu\u00f2 anche segnalare direttamente al Responsabile di Farmacovigilanza di PharmaNutra all\u2019indirizzo&nbsp;<a href=\"mailto:farmacovigilanza@pharmades.it\" target=\"_blank\" rel=\"noreferrer noopener\">farmacovigilanza@pharmades.it<\/a>.<\/p>\n\n\n\n<p>Se ha assunto un farmaco PharmaNutra e intende segnalare un effetto indesiderato al responsabile per la sicurezza dei farmaci pu\u00f2 compilare l\u2019apposito modulo <a href=\"https:\/\/www.pharmanutra.it\/modulo-di-segnalazione-per-le-reazioni-avverse-informativa-e-consenso\/\">cliccando\u00a0qui.<\/a><\/p>\n\n\n\n<p>Per effettuare la segnalazione \u00e8 necessario fornire le seguenti informazioni:<\/p>\n\n\n\n<ul class=\"wp-block-list\">\n<li>Soggetto\/paziente che ha manifestato l\u2019effetto indesiderato: iniziali di nome e cognome, genere, et\u00e0, citt\u00e0 di residenza<\/li>\n\n\n\n<li>Farmaco PharmaNutra: nome del farmaco assunto<\/li>\n\n\n\n<li>Effetto indesiderato: descrizione dell\u2019effetto<\/li>\n\n\n\n<li>Segnalatore: nome e cognome della persona che segnala, email, occupazione<\/li>\n<\/ul>\n\n\n\n<p>Informativa e consenso ai sensi del D. lgs. 196\/2013.<\/p>\n","protected":false},"excerpt":{"rendered":"<p>La Farmacovigilanza \u00e8 un complesso di attivit\u00e0 finalizzate a valutare in maniera continuativa tutte le informazioni relative alla sicurezza dei farmaci e ad assicurare, per tutti i medicinali in commercio, un rapporto beneficio\/rischio favorevole per la popolazione. Essa comprende una serie di attivit\u00e0 che coinvolgono le Istituzioni (l\u2019AIFA), i titolari dell\u2019autorizzazione all\u2019immissione in commercio dei [&hellip;]<\/p>\n","protected":false},"author":1,"featured_media":0,"parent":0,"menu_order":0,"comment_status":"closed","ping_status":"closed","template":"","meta":{"footnotes":""},"class_list":["post-16777","page","type-page","status-publish","hentry"],"yoast_head":"<!-- This site is optimized with the Yoast SEO plugin v26.1.1 - https:\/\/yoast.com\/wordpress\/plugins\/seo\/ -->\n<title>Cos\u2019\u00e8 la farmacovigilanza? - pharmanutra.it<\/title>\n<meta name=\"robots\" content=\"index, follow, max-snippet:-1, max-image-preview:large, max-video-preview:-1\" \/>\n<link rel=\"canonical\" href=\"https:\/\/www.pharmanutra.it\/it\/cose-la-farmacovigilanza\/\" \/>\n<meta property=\"og:locale\" content=\"it_IT\" \/>\n<meta property=\"og:type\" content=\"article\" \/>\n<meta property=\"og:title\" content=\"Cos\u2019\u00e8 la farmacovigilanza? - pharmanutra.it\" \/>\n<meta property=\"og:description\" content=\"La Farmacovigilanza \u00e8 un complesso di attivit\u00e0 finalizzate a valutare in maniera continuativa tutte le informazioni relative alla sicurezza dei farmaci e ad assicurare, per tutti i medicinali in commercio, un rapporto beneficio\/rischio favorevole per la popolazione. Essa comprende una serie di attivit\u00e0 che coinvolgono le Istituzioni (l\u2019AIFA), i titolari dell\u2019autorizzazione all\u2019immissione in commercio dei [&hellip;]\" \/>\n<meta property=\"og:url\" content=\"https:\/\/www.pharmanutra.it\/it\/cose-la-farmacovigilanza\/\" \/>\n<meta property=\"og:site_name\" content=\"pharmanutra.it\" \/>\n<meta property=\"article:modified_time\" content=\"2025-04-14T17:00:54+00:00\" \/>\n<meta name=\"twitter:card\" content=\"summary_large_image\" \/>\n<meta name=\"twitter:label1\" content=\"Tempo di lettura stimato\" \/>\n\t<meta name=\"twitter:data1\" content=\"2 minuti\" \/>\n<script type=\"application\/ld+json\" class=\"yoast-schema-graph\">{\"@context\":\"https:\/\/schema.org\",\"@graph\":[{\"@type\":\"WebPage\",\"@id\":\"https:\/\/www.pharmanutra.it\/it\/cose-la-farmacovigilanza\/\",\"url\":\"https:\/\/www.pharmanutra.it\/it\/cose-la-farmacovigilanza\/\",\"name\":\"Cos\u2019\u00e8 la farmacovigilanza? - pharmanutra.it\",\"isPartOf\":{\"@id\":\"https:\/\/www.pharmanutra.it\/it\/#website\"},\"datePublished\":\"2025-04-14T16:05:43+00:00\",\"dateModified\":\"2025-04-14T17:00:54+00:00\",\"breadcrumb\":{\"@id\":\"https:\/\/www.pharmanutra.it\/it\/cose-la-farmacovigilanza\/#breadcrumb\"},\"inLanguage\":\"it-IT\",\"potentialAction\":[{\"@type\":\"ReadAction\",\"target\":[\"https:\/\/www.pharmanutra.it\/it\/cose-la-farmacovigilanza\/\"]}]},{\"@type\":\"BreadcrumbList\",\"@id\":\"https:\/\/www.pharmanutra.it\/it\/cose-la-farmacovigilanza\/#breadcrumb\",\"itemListElement\":[{\"@type\":\"ListItem\",\"position\":1,\"name\":\"Home\",\"item\":\"https:\/\/www.pharmanutra.it\/it\/\"},{\"@type\":\"ListItem\",\"position\":2,\"name\":\"Cos\u2019\u00e8 la farmacovigilanza?\"}]},{\"@type\":\"WebSite\",\"@id\":\"https:\/\/www.pharmanutra.it\/it\/#website\",\"url\":\"https:\/\/www.pharmanutra.it\/it\/\",\"name\":\"pharmanutra.it\",\"description\":\"\",\"publisher\":{\"@id\":\"https:\/\/www.pharmanutra.it\/it\/#organization\"},\"potentialAction\":[{\"@type\":\"SearchAction\",\"target\":{\"@type\":\"EntryPoint\",\"urlTemplate\":\"https:\/\/www.pharmanutra.it\/it\/?s={search_term_string}\"},\"query-input\":{\"@type\":\"PropertyValueSpecification\",\"valueRequired\":true,\"valueName\":\"search_term_string\"}}],\"inLanguage\":\"it-IT\"},{\"@type\":\"Organization\",\"@id\":\"https:\/\/www.pharmanutra.it\/it\/#organization\",\"name\":\"pharmanutra.it\",\"url\":\"https:\/\/www.pharmanutra.it\/it\/\",\"logo\":{\"@type\":\"ImageObject\",\"inLanguage\":\"it-IT\",\"@id\":\"https:\/\/www.pharmanutra.it\/it\/#\/schema\/logo\/image\/\",\"url\":\"https:\/\/www.pharmanutra.it\/wp-content\/uploads\/2025\/09\/PHN_LOGO2020color.png\",\"contentUrl\":\"https:\/\/www.pharmanutra.it\/wp-content\/uploads\/2025\/09\/PHN_LOGO2020color.png\",\"width\":1856,\"height\":210,\"caption\":\"pharmanutra.it\"},\"image\":{\"@id\":\"https:\/\/www.pharmanutra.it\/it\/#\/schema\/logo\/image\/\"}}]}<\/script>\n<!-- \/ Yoast SEO plugin. -->","yoast_head_json":{"title":"Cos\u2019\u00e8 la farmacovigilanza? - pharmanutra.it","robots":{"index":"index","follow":"follow","max-snippet":"max-snippet:-1","max-image-preview":"max-image-preview:large","max-video-preview":"max-video-preview:-1"},"canonical":"https:\/\/www.pharmanutra.it\/it\/cose-la-farmacovigilanza\/","og_locale":"it_IT","og_type":"article","og_title":"Cos\u2019\u00e8 la farmacovigilanza? - pharmanutra.it","og_description":"La Farmacovigilanza \u00e8 un complesso di attivit\u00e0 finalizzate a valutare in maniera continuativa tutte le informazioni relative alla sicurezza dei farmaci e ad assicurare, per tutti i medicinali in commercio, un rapporto beneficio\/rischio favorevole per la popolazione. Essa comprende una serie di attivit\u00e0 che coinvolgono le Istituzioni (l\u2019AIFA), i titolari dell\u2019autorizzazione all\u2019immissione in commercio dei [&hellip;]","og_url":"https:\/\/www.pharmanutra.it\/it\/cose-la-farmacovigilanza\/","og_site_name":"pharmanutra.it","article_modified_time":"2025-04-14T17:00:54+00:00","twitter_card":"summary_large_image","twitter_misc":{"Tempo di lettura stimato":"2 minuti"},"schema":{"@context":"https:\/\/schema.org","@graph":[{"@type":"WebPage","@id":"https:\/\/www.pharmanutra.it\/it\/cose-la-farmacovigilanza\/","url":"https:\/\/www.pharmanutra.it\/it\/cose-la-farmacovigilanza\/","name":"Cos\u2019\u00e8 la farmacovigilanza? - pharmanutra.it","isPartOf":{"@id":"https:\/\/www.pharmanutra.it\/it\/#website"},"datePublished":"2025-04-14T16:05:43+00:00","dateModified":"2025-04-14T17:00:54+00:00","breadcrumb":{"@id":"https:\/\/www.pharmanutra.it\/it\/cose-la-farmacovigilanza\/#breadcrumb"},"inLanguage":"it-IT","potentialAction":[{"@type":"ReadAction","target":["https:\/\/www.pharmanutra.it\/it\/cose-la-farmacovigilanza\/"]}]},{"@type":"BreadcrumbList","@id":"https:\/\/www.pharmanutra.it\/it\/cose-la-farmacovigilanza\/#breadcrumb","itemListElement":[{"@type":"ListItem","position":1,"name":"Home","item":"https:\/\/www.pharmanutra.it\/it\/"},{"@type":"ListItem","position":2,"name":"Cos\u2019\u00e8 la farmacovigilanza?"}]},{"@type":"WebSite","@id":"https:\/\/www.pharmanutra.it\/it\/#website","url":"https:\/\/www.pharmanutra.it\/it\/","name":"pharmanutra.it","description":"","publisher":{"@id":"https:\/\/www.pharmanutra.it\/it\/#organization"},"potentialAction":[{"@type":"SearchAction","target":{"@type":"EntryPoint","urlTemplate":"https:\/\/www.pharmanutra.it\/it\/?s={search_term_string}"},"query-input":{"@type":"PropertyValueSpecification","valueRequired":true,"valueName":"search_term_string"}}],"inLanguage":"it-IT"},{"@type":"Organization","@id":"https:\/\/www.pharmanutra.it\/it\/#organization","name":"pharmanutra.it","url":"https:\/\/www.pharmanutra.it\/it\/","logo":{"@type":"ImageObject","inLanguage":"it-IT","@id":"https:\/\/www.pharmanutra.it\/it\/#\/schema\/logo\/image\/","url":"https:\/\/www.pharmanutra.it\/wp-content\/uploads\/2025\/09\/PHN_LOGO2020color.png","contentUrl":"https:\/\/www.pharmanutra.it\/wp-content\/uploads\/2025\/09\/PHN_LOGO2020color.png","width":1856,"height":210,"caption":"pharmanutra.it"},"image":{"@id":"https:\/\/www.pharmanutra.it\/it\/#\/schema\/logo\/image\/"}}]}},"meta_box":[],"_links":{"self":[{"href":"https:\/\/www.pharmanutra.it\/it\/wp-json\/wp\/v2\/pages\/16777","targetHints":{"allow":["GET"]}}],"collection":[{"href":"https:\/\/www.pharmanutra.it\/it\/wp-json\/wp\/v2\/pages"}],"about":[{"href":"https:\/\/www.pharmanutra.it\/it\/wp-json\/wp\/v2\/types\/page"}],"author":[{"embeddable":true,"href":"https:\/\/www.pharmanutra.it\/it\/wp-json\/wp\/v2\/users\/1"}],"replies":[{"embeddable":true,"href":"https:\/\/www.pharmanutra.it\/it\/wp-json\/wp\/v2\/comments?post=16777"}],"version-history":[{"count":3,"href":"https:\/\/www.pharmanutra.it\/it\/wp-json\/wp\/v2\/pages\/16777\/revisions"}],"predecessor-version":[{"id":16791,"href":"https:\/\/www.pharmanutra.it\/it\/wp-json\/wp\/v2\/pages\/16777\/revisions\/16791"}],"wp:attachment":[{"href":"https:\/\/www.pharmanutra.it\/it\/wp-json\/wp\/v2\/media?parent=16777"}],"curies":[{"name":"wp","href":"https:\/\/api.w.org\/{rel}","templated":true}]}}