{"id":16786,"date":"2025-04-14T18:22:48","date_gmt":"2025-04-14T16:22:48","guid":{"rendered":"https:\/\/www.pharmanutra.it\/?page_id=16786"},"modified":"2025-04-14T18:58:28","modified_gmt":"2025-04-14T16:58:28","slug":"modulo-di-segnalazione-per-le-reazioni-avverse-informativa-e-consenso","status":"publish","type":"page","link":"https:\/\/www.pharmanutra.it\/it\/modulo-di-segnalazione-per-le-reazioni-avverse-informativa-e-consenso\/","title":{"rendered":"Modulo di segnalazione per le reazioni avverse \u2013 Informativa e consenso"},"content":{"rendered":"\n<p>Informativa ai sensi dell\u2019art. 13, D.Lgs. 196\/2003<\/p>\n\n\n\n<p>Egregio Signore\/Gentile Signora,<br>ai sensi dell\u2019art. 13 del Decreto Legislativo n. 196 del 30 giugno 2003 (di seguito il \u201cDecreto\u201d), La informiamo con la presente in merito al trattamento dei Suoi dati personali da parte di PHARMANUTRA S.p.A. (di seguito \u201cPHARMANUTRA\u201d).<\/p>\n\n\n\n<p><strong>1 Finalit\u00e0 del trattamento<\/strong><br>I Suoi dati personali ed eventualmente sensibili (quali ad esempio, nome, cognome, indirizzo, recapiti telefonici, e-mail, descrizione evento \u2026 ), da Lei direttamente forniti e raccolti tramite il modulo di registrazione al presente sito, saranno raccolti e trattati esclusivamente per l\u2019adeguata realizzazione delle attivit\u00e0 connesse e strumentali alle finalit\u00e0 proprie della farmacovigilanza quali, ad esempio: individuazione di eventuali reazioni avverse non note; miglioramento e potenziamento delle informazioni sulle sospette reazioni avverse gi\u00e0 note; valutazione del nesso di causalit\u00e0 tra somministrazione del farmaco e la reazione avversa osservata; notifica all\u2019autorit\u00e0 competente di tali informazioni per assicurare che i farmaci utilizzati presentino un rapporto beneficio\/rischio favorevole per la popolazione.<\/p>\n\n\n\n<p><strong>2 Modalit\u00e0 del trattamento<\/strong><br>I dati personali da Lei forniti saranno trattati sia mediante utilizzo di strumenti cartacei che di strumenti informatici e telematici.<\/p>\n\n\n\n<p><strong>3 Conferimento dei dati<\/strong><br>Il conferimento dei dati \u00e8 facoltativo, pur tuttavia l\u2019eventuale rifiuto comporta l\u2019impossibilit\u00e0 per il titolare di dar seguito alle sue segnalazioni o richieste.<\/p>\n\n\n\n<p><strong>4 Comunicazione e diffusione<\/strong><br>I dati saranno trattati dai dipendenti e collaboratori di Pharmanutra spa e le societ\u00e0 ad essa collegate in qualit\u00e0 di incaricati e\/o responsabili del trattamento. Per il raggiungimento delle finalit\u00e0 sopra indicate i Suoi dati personali saranno organizzati in apposite Banche Dati di PHARMANUTRA e saranno resi disponibili, sempre per le finalit\u00e0 sopra indicate, ai soggetti che accedono alla Rete Nazionale di Farmacovigilanza nonch\u00e9 a soggetti obbligati ad effettuare attivit\u00e0 di farmacovigilanza (AIFA, titolari dell\u2019autorizzazione all\u2019immissione in commercio dei medicinali, Regioni italiane, Unit\u00e0 Sanitarie Locali, Ufficio di farmacovigilanza degli ospedali o degli Istituti di Ricerca e Cura a Carattere Scientifico). I dati personali forniti potranno essere inoltre comunicati, per le finalit\u00e0 sopra indicate, alle seguenti categorie di soggetti: persone, societ\u00e0, associazioni che prestano servizi o attivit\u00e0 di assistenza e consulenza in materia legale e di farmacovigilanza nei confronti dell\u2019azienda PHARMANUTRA con i quali la stessa ha stipulato appositi patti di riservatezza secondo la normativa 196\/2003. I dati potranno altres\u00ec essere comunicati alle autorit\u00e0 competenti, secondo i termini d legge. I dati personali non saranno diffusi.<\/p>\n\n\n\n<p><strong>5 Diritti dell\u2019interessato<\/strong><br>In relazione ai trattamenti dei propri dati personali Lei ha facolt\u00e0 di esercitare i diritti di cui all\u2019articolo 7 del D.Lgs. 196\/2003, riportato integralmente\u00a0<a href=\"\/diritti\/\">qui<\/a>, inviando una comunicazione all\u2019indirizzo mail: info@pharmanutra.it<\/p>\n\n\n\n<p><strong>6 Tempi di conservazione<\/strong><br>I dati saranno conservati per il tempo strettamente necessario alle finalit\u00e0 suddette e secondo i termini di legge e comunque per un periodo non superiore ad un anno se nel frattempo non viene esercitato il diritto di opposizione da parte dell\u2019interessato.<\/p>\n\n\n\n<p><strong>7 Titolare del trattamento<\/strong><br>Il titolare del trattamento \u00e8 PHARMANUTRA S.p.A, via Campodavela n\u00b01 56122 PISA \u2013 P.IVA 01679440501.<br>Ultimo aggiornamento: 30\/07\/2024<\/p>\n\n\n\n<div class=\"wpcf7 no-js\" id=\"wpcf7-f16783-o1\" lang=\"it-IT\" dir=\"ltr\" data-wpcf7-id=\"16783\">\n<div class=\"screen-reader-response\"><p role=\"status\" aria-live=\"polite\" aria-atomic=\"true\"><\/p> <ul><\/ul><\/div>\n<form action=\"\/it\/wp-json\/wp\/v2\/pages\/16786#wpcf7-f16783-o1\" method=\"post\" class=\"wpcf7-form init\" aria-label=\"Modulo di contatto\" novalidate=\"novalidate\" data-status=\"init\">\n<fieldset class=\"hidden-fields-container\"><input type=\"hidden\" name=\"_wpcf7\" value=\"16783\" \/><input type=\"hidden\" name=\"_wpcf7_version\" value=\"6.1.2\" \/><input type=\"hidden\" name=\"_wpcf7_locale\" value=\"it_IT\" \/><input type=\"hidden\" name=\"_wpcf7_unit_tag\" value=\"wpcf7-f16783-o1\" \/><input type=\"hidden\" name=\"_wpcf7_container_post\" value=\"0\" \/><input type=\"hidden\" name=\"_wpcf7_posted_data_hash\" value=\"\" \/><input type=\"hidden\" name=\"_uacf7_hidden_conditional_fields\" value=\"\" \/>\n<\/fieldset>\n<div class=\"uacf7-form-wrapper-container uacf7-form-16783  \"><span class=\"wpcf7-form-control-wrap\" data-name=\"radio-347\"><span class=\"wpcf7-form-control wpcf7-radio\"><span class=\"wpcf7-list-item first last\"><label><input type=\"radio\" name=\"radio-347\" value=\"Ho letto l\u2019informativa\" \/><span class=\"wpcf7-list-item-label\">Ho letto l\u2019informativa<\/span><\/label><\/span><\/span><\/span>\n\n<label>Presto il mio consenso per il trattamento di eventuali dati sensibili necessari per lo svolgimento delle finalit\u00e0 indicate nell\u2019informativa.<\/label>\n<span class=\"wpcf7-form-control-wrap\" data-name=\"radio-910\"><span class=\"wpcf7-form-control wpcf7-radio\"><span class=\"wpcf7-list-item first\"><label><input type=\"radio\" name=\"radio-910\" value=\"Do il consenso\" \/><span class=\"wpcf7-list-item-label\">Do il consenso<\/span><\/label><\/span><span class=\"wpcf7-list-item last\"><label><input type=\"radio\" name=\"radio-910\" value=\"Nego il consenso\" \/><span class=\"wpcf7-list-item-label\">Nego il consenso<\/span><\/label><\/span><\/span><\/span>\n\n<div class=\"uacf7_conditional conditional-107\">\n\n<br>\n\n<label> Il tuo nome\n    <span class=\"wpcf7-form-control-wrap\" data-name=\"your-name\"><input size=\"40\" maxlength=\"400\" class=\"wpcf7-form-control wpcf7-text wpcf7-validates-as-required\" autocomplete=\"name\" aria-required=\"true\" aria-invalid=\"false\" value=\"\" type=\"text\" name=\"your-name\" \/><\/span> <\/label>\n\n<label> Il tuo Cognome\n    <span class=\"wpcf7-form-control-wrap\" data-name=\"your-name\"><input size=\"40\" maxlength=\"400\" class=\"wpcf7-form-control wpcf7-text wpcf7-validates-as-required\" autocomplete=\"surname\" aria-required=\"true\" aria-invalid=\"false\" value=\"\" type=\"text\" name=\"your-name\" \/><\/span> <\/label>\n\n<label> La tua email\n    <span class=\"wpcf7-form-control-wrap\" data-name=\"your-email\"><input size=\"40\" maxlength=\"400\" class=\"wpcf7-form-control wpcf7-email wpcf7-validates-as-required wpcf7-text wpcf7-validates-as-email\" autocomplete=\"email\" aria-required=\"true\" aria-invalid=\"false\" value=\"\" type=\"email\" name=\"your-email\" \/><\/span> <\/label>\n\n<span class=\"wpcf7-form-control-wrap\" data-name=\"select-683\"><select class=\"wpcf7-form-control wpcf7-select wpcf7-validates-as-required\" aria-required=\"true\" aria-invalid=\"false\" name=\"select-683\"><option value=\"Medico\">Medico<\/option><option value=\"Farmacista\">Farmacista<\/option><option value=\"Infermiere\/a\">Infermiere\/a<\/option><option value=\"Altro\">Altro<\/option><\/select><\/span>\n\n\n<label> Dati relativi al soggetto che ha manifestato l'effetto indesiderati <\/label>\n\n<label> Iniziali nome e cognome\n    <span class=\"wpcf7-form-control-wrap\" data-name=\"iniziali\"><input size=\"40\" maxlength=\"400\" class=\"wpcf7-form-control wpcf7-text wpcf7-validates-as-required\" autocomplete=\"name\" aria-required=\"true\" aria-invalid=\"false\" value=\"\" type=\"text\" name=\"iniziali\" \/><\/span> <\/label>\n\n<span class=\"wpcf7-form-control-wrap\" data-name=\"select-448\"><select class=\"wpcf7-form-control wpcf7-select wpcf7-validates-as-required\" aria-required=\"true\" aria-invalid=\"false\" name=\"select-448\"><option value=\"F\">F<\/option><option value=\"M\">M<\/option><\/select><\/span>\n<label> Et\u00e0\n<span class=\"wpcf7-form-control-wrap\" data-name=\"number-404\"><input class=\"wpcf7-form-control wpcf7-number wpcf7-validates-as-number\" aria-invalid=\"false\" value=\"\" type=\"number\" name=\"number-404\" \/><\/span><\/label>\n\n<label>Citt\u00e0 di residenza\n<span class=\"wpcf7-form-control-wrap\" data-name=\"residenza\"><input size=\"40\" maxlength=\"400\" class=\"wpcf7-form-control wpcf7-text\" aria-invalid=\"false\" value=\"\" type=\"text\" name=\"residenza\" \/><\/span><\/label>\n\n<label>Nome del farmaco PharmaNutra\n<span class=\"wpcf7-form-control-wrap\" data-name=\"farmaco\"><input size=\"40\" maxlength=\"400\" class=\"wpcf7-form-control wpcf7-text\" aria-invalid=\"false\" value=\"\" type=\"text\" name=\"farmaco\" \/><\/span><\/label>\n\n<label>Descrizione della reazione avversa\n<span class=\"wpcf7-form-control-wrap\" data-name=\"avversa\"><input size=\"40\" maxlength=\"400\" class=\"wpcf7-form-control wpcf7-text\" aria-invalid=\"false\" value=\"\" type=\"text\" name=\"avversa\" \/><\/span><\/label>\n\n<label>Dose giornaliera assunta\n<span class=\"wpcf7-form-control-wrap\" data-name=\"dose\"><input size=\"40\" maxlength=\"400\" class=\"wpcf7-form-control wpcf7-text\" aria-invalid=\"false\" value=\"\" type=\"text\" name=\"dose\" \/><\/span><\/label>\n\n<label>Data inizio del trattamento\n<span class=\"wpcf7-form-control-wrap\" data-name=\"data-inizio\"><input class=\"wpcf7-form-control wpcf7-date wpcf7-validates-as-date\" aria-invalid=\"false\" value=\"\" type=\"date\" name=\"data-inizio\" \/><\/span><\/label>\n\n<label>Data fine del trattamento\n<span class=\"wpcf7-form-control-wrap\" data-name=\"data-fine\"><input class=\"wpcf7-form-control wpcf7-date wpcf7-validates-as-date\" aria-invalid=\"false\" value=\"\" type=\"date\" name=\"data-fine\" \/><\/span><\/label>\n\n<input class=\"wpcf7-form-control wpcf7-submit has-spinner\" type=\"submit\" value=\"Invia\" \/>\n\n<\/div><\/div><div class=\"wpcf7-response-output\" aria-hidden=\"true\"><\/div>\n<\/form>\n<\/div>\n\n","protected":false},"excerpt":{"rendered":"<p>Informativa ai sensi dell\u2019art. 13, D.Lgs. 196\/2003 Egregio Signore\/Gentile Signora,ai sensi dell\u2019art. 13 del Decreto Legislativo n. 196 del 30 giugno 2003 (di seguito il \u201cDecreto\u201d), La informiamo con la presente in merito al trattamento dei Suoi dati personali da parte di PHARMANUTRA S.p.A. (di seguito \u201cPHARMANUTRA\u201d). 1 Finalit\u00e0 del trattamentoI Suoi dati personali ed [&hellip;]<\/p>\n","protected":false},"author":1,"featured_media":0,"parent":0,"menu_order":0,"comment_status":"closed","ping_status":"closed","template":"","meta":{"footnotes":""},"class_list":["post-16786","page","type-page","status-publish","hentry"],"yoast_head":"<!-- This site is optimized with the Yoast SEO plugin v26.1.1 - https:\/\/yoast.com\/wordpress\/plugins\/seo\/ -->\n<title>Modulo di segnalazione per le reazioni avverse \u2013 Informativa e consenso - pharmanutra.it<\/title>\n<meta name=\"robots\" content=\"index, follow, max-snippet:-1, max-image-preview:large, max-video-preview:-1\" \/>\n<link rel=\"canonical\" href=\"https:\/\/www.pharmanutra.it\/it\/modulo-di-segnalazione-per-le-reazioni-avverse-informativa-e-consenso\/\" \/>\n<meta property=\"og:locale\" content=\"it_IT\" \/>\n<meta property=\"og:type\" content=\"article\" \/>\n<meta property=\"og:title\" content=\"Modulo di segnalazione per le reazioni avverse \u2013 Informativa e consenso - pharmanutra.it\" \/>\n<meta property=\"og:description\" content=\"Informativa ai sensi dell\u2019art. 13, D.Lgs. 196\/2003 Egregio Signore\/Gentile Signora,ai sensi dell\u2019art. 13 del Decreto Legislativo n. 196 del 30 giugno 2003 (di seguito il \u201cDecreto\u201d), La informiamo con la presente in merito al trattamento dei Suoi dati personali da parte di PHARMANUTRA S.p.A. (di seguito \u201cPHARMANUTRA\u201d). 1 Finalit\u00e0 del trattamentoI Suoi dati personali ed [&hellip;]\" \/>\n<meta property=\"og:url\" content=\"https:\/\/www.pharmanutra.it\/it\/modulo-di-segnalazione-per-le-reazioni-avverse-informativa-e-consenso\/\" \/>\n<meta property=\"og:site_name\" content=\"pharmanutra.it\" \/>\n<meta property=\"article:modified_time\" content=\"2025-04-14T16:58:28+00:00\" \/>\n<meta name=\"twitter:card\" content=\"summary_large_image\" \/>\n<meta name=\"twitter:label1\" content=\"Tempo di lettura stimato\" \/>\n\t<meta name=\"twitter:data1\" content=\"3 minuti\" \/>\n<script type=\"application\/ld+json\" class=\"yoast-schema-graph\">{\"@context\":\"https:\/\/schema.org\",\"@graph\":[{\"@type\":\"WebPage\",\"@id\":\"https:\/\/www.pharmanutra.it\/it\/modulo-di-segnalazione-per-le-reazioni-avverse-informativa-e-consenso\/\",\"url\":\"https:\/\/www.pharmanutra.it\/it\/modulo-di-segnalazione-per-le-reazioni-avverse-informativa-e-consenso\/\",\"name\":\"Modulo di segnalazione per le reazioni avverse \u2013 Informativa e consenso - pharmanutra.it\",\"isPartOf\":{\"@id\":\"https:\/\/www.pharmanutra.it\/it\/#website\"},\"datePublished\":\"2025-04-14T16:22:48+00:00\",\"dateModified\":\"2025-04-14T16:58:28+00:00\",\"breadcrumb\":{\"@id\":\"https:\/\/www.pharmanutra.it\/it\/modulo-di-segnalazione-per-le-reazioni-avverse-informativa-e-consenso\/#breadcrumb\"},\"inLanguage\":\"it-IT\",\"potentialAction\":[{\"@type\":\"ReadAction\",\"target\":[\"https:\/\/www.pharmanutra.it\/it\/modulo-di-segnalazione-per-le-reazioni-avverse-informativa-e-consenso\/\"]}]},{\"@type\":\"BreadcrumbList\",\"@id\":\"https:\/\/www.pharmanutra.it\/it\/modulo-di-segnalazione-per-le-reazioni-avverse-informativa-e-consenso\/#breadcrumb\",\"itemListElement\":[{\"@type\":\"ListItem\",\"position\":1,\"name\":\"Home\",\"item\":\"https:\/\/www.pharmanutra.it\/it\/\"},{\"@type\":\"ListItem\",\"position\":2,\"name\":\"Modulo di segnalazione per le reazioni avverse \u2013 Informativa e consenso\"}]},{\"@type\":\"WebSite\",\"@id\":\"https:\/\/www.pharmanutra.it\/it\/#website\",\"url\":\"https:\/\/www.pharmanutra.it\/it\/\",\"name\":\"pharmanutra.it\",\"description\":\"\",\"publisher\":{\"@id\":\"https:\/\/www.pharmanutra.it\/it\/#organization\"},\"potentialAction\":[{\"@type\":\"SearchAction\",\"target\":{\"@type\":\"EntryPoint\",\"urlTemplate\":\"https:\/\/www.pharmanutra.it\/it\/?s={search_term_string}\"},\"query-input\":{\"@type\":\"PropertyValueSpecification\",\"valueRequired\":true,\"valueName\":\"search_term_string\"}}],\"inLanguage\":\"it-IT\"},{\"@type\":\"Organization\",\"@id\":\"https:\/\/www.pharmanutra.it\/it\/#organization\",\"name\":\"pharmanutra.it\",\"url\":\"https:\/\/www.pharmanutra.it\/it\/\",\"logo\":{\"@type\":\"ImageObject\",\"inLanguage\":\"it-IT\",\"@id\":\"https:\/\/www.pharmanutra.it\/it\/#\/schema\/logo\/image\/\",\"url\":\"https:\/\/www.pharmanutra.it\/wp-content\/uploads\/2025\/09\/PHN_LOGO2020color.png\",\"contentUrl\":\"https:\/\/www.pharmanutra.it\/wp-content\/uploads\/2025\/09\/PHN_LOGO2020color.png\",\"width\":1856,\"height\":210,\"caption\":\"pharmanutra.it\"},\"image\":{\"@id\":\"https:\/\/www.pharmanutra.it\/it\/#\/schema\/logo\/image\/\"}}]}<\/script>\n<!-- \/ Yoast SEO plugin. -->","yoast_head_json":{"title":"Modulo di segnalazione per le reazioni avverse \u2013 Informativa e consenso - pharmanutra.it","robots":{"index":"index","follow":"follow","max-snippet":"max-snippet:-1","max-image-preview":"max-image-preview:large","max-video-preview":"max-video-preview:-1"},"canonical":"https:\/\/www.pharmanutra.it\/it\/modulo-di-segnalazione-per-le-reazioni-avverse-informativa-e-consenso\/","og_locale":"it_IT","og_type":"article","og_title":"Modulo di segnalazione per le reazioni avverse \u2013 Informativa e consenso - pharmanutra.it","og_description":"Informativa ai sensi dell\u2019art. 13, D.Lgs. 196\/2003 Egregio Signore\/Gentile Signora,ai sensi dell\u2019art. 13 del Decreto Legislativo n. 196 del 30 giugno 2003 (di seguito il \u201cDecreto\u201d), La informiamo con la presente in merito al trattamento dei Suoi dati personali da parte di PHARMANUTRA S.p.A. (di seguito \u201cPHARMANUTRA\u201d). 1 Finalit\u00e0 del trattamentoI Suoi dati personali ed [&hellip;]","og_url":"https:\/\/www.pharmanutra.it\/it\/modulo-di-segnalazione-per-le-reazioni-avverse-informativa-e-consenso\/","og_site_name":"pharmanutra.it","article_modified_time":"2025-04-14T16:58:28+00:00","twitter_card":"summary_large_image","twitter_misc":{"Tempo di lettura stimato":"3 minuti"},"schema":{"@context":"https:\/\/schema.org","@graph":[{"@type":"WebPage","@id":"https:\/\/www.pharmanutra.it\/it\/modulo-di-segnalazione-per-le-reazioni-avverse-informativa-e-consenso\/","url":"https:\/\/www.pharmanutra.it\/it\/modulo-di-segnalazione-per-le-reazioni-avverse-informativa-e-consenso\/","name":"Modulo di segnalazione per le reazioni avverse \u2013 Informativa e consenso - pharmanutra.it","isPartOf":{"@id":"https:\/\/www.pharmanutra.it\/it\/#website"},"datePublished":"2025-04-14T16:22:48+00:00","dateModified":"2025-04-14T16:58:28+00:00","breadcrumb":{"@id":"https:\/\/www.pharmanutra.it\/it\/modulo-di-segnalazione-per-le-reazioni-avverse-informativa-e-consenso\/#breadcrumb"},"inLanguage":"it-IT","potentialAction":[{"@type":"ReadAction","target":["https:\/\/www.pharmanutra.it\/it\/modulo-di-segnalazione-per-le-reazioni-avverse-informativa-e-consenso\/"]}]},{"@type":"BreadcrumbList","@id":"https:\/\/www.pharmanutra.it\/it\/modulo-di-segnalazione-per-le-reazioni-avverse-informativa-e-consenso\/#breadcrumb","itemListElement":[{"@type":"ListItem","position":1,"name":"Home","item":"https:\/\/www.pharmanutra.it\/it\/"},{"@type":"ListItem","position":2,"name":"Modulo di segnalazione per le reazioni avverse \u2013 Informativa e consenso"}]},{"@type":"WebSite","@id":"https:\/\/www.pharmanutra.it\/it\/#website","url":"https:\/\/www.pharmanutra.it\/it\/","name":"pharmanutra.it","description":"","publisher":{"@id":"https:\/\/www.pharmanutra.it\/it\/#organization"},"potentialAction":[{"@type":"SearchAction","target":{"@type":"EntryPoint","urlTemplate":"https:\/\/www.pharmanutra.it\/it\/?s={search_term_string}"},"query-input":{"@type":"PropertyValueSpecification","valueRequired":true,"valueName":"search_term_string"}}],"inLanguage":"it-IT"},{"@type":"Organization","@id":"https:\/\/www.pharmanutra.it\/it\/#organization","name":"pharmanutra.it","url":"https:\/\/www.pharmanutra.it\/it\/","logo":{"@type":"ImageObject","inLanguage":"it-IT","@id":"https:\/\/www.pharmanutra.it\/it\/#\/schema\/logo\/image\/","url":"https:\/\/www.pharmanutra.it\/wp-content\/uploads\/2025\/09\/PHN_LOGO2020color.png","contentUrl":"https:\/\/www.pharmanutra.it\/wp-content\/uploads\/2025\/09\/PHN_LOGO2020color.png","width":1856,"height":210,"caption":"pharmanutra.it"},"image":{"@id":"https:\/\/www.pharmanutra.it\/it\/#\/schema\/logo\/image\/"}}]}},"meta_box":[],"_links":{"self":[{"href":"https:\/\/www.pharmanutra.it\/it\/wp-json\/wp\/v2\/pages\/16786","targetHints":{"allow":["GET"]}}],"collection":[{"href":"https:\/\/www.pharmanutra.it\/it\/wp-json\/wp\/v2\/pages"}],"about":[{"href":"https:\/\/www.pharmanutra.it\/it\/wp-json\/wp\/v2\/types\/page"}],"author":[{"embeddable":true,"href":"https:\/\/www.pharmanutra.it\/it\/wp-json\/wp\/v2\/users\/1"}],"replies":[{"embeddable":true,"href":"https:\/\/www.pharmanutra.it\/it\/wp-json\/wp\/v2\/comments?post=16786"}],"version-history":[{"count":2,"href":"https:\/\/www.pharmanutra.it\/it\/wp-json\/wp\/v2\/pages\/16786\/revisions"}],"predecessor-version":[{"id":16790,"href":"https:\/\/www.pharmanutra.it\/it\/wp-json\/wp\/v2\/pages\/16786\/revisions\/16790"}],"wp:attachment":[{"href":"https:\/\/www.pharmanutra.it\/it\/wp-json\/wp\/v2\/media?parent=16786"}],"curies":[{"name":"wp","href":"https:\/\/api.w.org\/{rel}","templated":true}]}}